{"id":3056,"date":"2023-12-10T15:56:50","date_gmt":"2023-12-10T14:56:50","guid":{"rendered":"https:\/\/sambortech.pl\/?post_type=product&#038;p=3056"},"modified":"2023-12-11T09:03:43","modified_gmt":"2023-12-11T08:03:43","slug":"sew-eurodrive-gearmotor-r57-dt80n4-tf-50-01003088-03-0001-02-01","status":"publish","type":"product","link":"https:\/\/sambortech.pl\/?product=sew-eurodrive-gearmotor-r57-dt80n4-tf-50-01003088-03-0001-02-01","title":{"rendered":"SEW-EURODRIVE gearmotor R57 DT80N4\/TF, 50.01003088.03.0001.02.01"},"content":{"rendered":"<p><strong>To get more informations about price and shipping details please fill up below form or send an inquiry directly via email shop@sambortech.pl.<\/strong><\/p>\n<p>Aby uzyska\u0107 wi\u0119cej informacji o cenie i wysy\u0142ce wype\u0142nij poni\u017cszy formularz lub prze\u015blij zapytanie na email shop@sambortech.pl.<\/p>\n<div data-test='contact-form' id='contact-form-3056' class='wp-block-jetpack-contact-form-container '>\n<form action='https:\/\/sambortech.pl\/?product=sew-eurodrive-gearmotor-r57-dt80n4-tf-50-01003088-03-0001-02-01#contact-form-3056' method='post' class='contact-form commentsblock'>\n<script>\n\t\t\t( function () {\n\t\t\t\tconst contact_forms = document.getElementsByClassName('contact-form');\n\n\t\t\t\tfor ( const form of contact_forms ) {\n\t\t\t\t\tform.onsubmit = function() {\n\t\t\t\t\t\tconst buttons = form.getElementsByTagName('button');\n\n\t\t\t\t\t\tfor( const button of buttons ) {\n\t\t\t\t\t\t\tbutton.setAttribute('disabled', true);\n\t\t\t\t\t\t}\n\t\t\t\t\t}\n\t\t\t\t}\n\t\t\t} )();\n\t\t<\/script>\n<div style=\"\" class='grunion-field-name-wrap grunion-field-wrap'  >\n<label\n\t\t\t\tfor='g3056-nameimi'\n\t\t\t\tclass='grunion-field-label name'>Name \/ Imi\u0119<span>(required)<\/span><\/label>\n<input\n\t\t\t\t\ttype='text'\n\t\t\t\t\tname='g3056-nameimi'\n\t\t\t\t\tid='g3056-nameimi'\n\t\t\t\t\tvalue=''\n\t\t\t\t\tclass='name  grunion-field' \n\t\t\t\t\trequired aria-required='true' \/>\n\t<\/div>\n\n<div style=\"\" class='grunion-field-email-wrap grunion-field-wrap'  >\n<label\n\t\t\t\tfor='g3056-email'\n\t\t\t\tclass='grunion-field-label email'>Email<span>(required)<\/span><\/label>\n<input\n\t\t\t\t\ttype='email'\n\t\t\t\t\tname='g3056-email'\n\t\t\t\t\tid='g3056-email'\n\t\t\t\t\tvalue=''\n\t\t\t\t\tclass='email  grunion-field' \n\t\t\t\t\trequired aria-required='true' \/>\n\t<\/div>\n\n<div style=\"\" class='grunion-field-text-wrap grunion-field-wrap'  >\n<label\n\t\t\t\tfor='g3056-howmanyitemsilesztuk'\n\t\t\t\tclass='grunion-field-label text'>How many items? \/ Ile sztuk?<span>(required)<\/span><\/label>\n<input\n\t\t\t\t\ttype='text'\n\t\t\t\t\tname='g3056-howmanyitemsilesztuk'\n\t\t\t\t\tid='g3056-howmanyitemsilesztuk'\n\t\t\t\t\tvalue=''\n\t\t\t\t\tclass='text  grunion-field' \n\t\t\t\t\trequired aria-required='true' \/>\n\t<\/div>\n\n<div style=\"\" class='grunion-field-text-wrap grunion-field-wrap'  >\n<label\n\t\t\t\tfor='g3056-shippingdestinationcountrydokdwysyka'\n\t\t\t\tclass='grunion-field-label text'>Shipping destination country? \/ Dok\u0105d wysy\u0142ka?<span>(required)<\/span><\/label>\n<input\n\t\t\t\t\ttype='text'\n\t\t\t\t\tname='g3056-shippingdestinationcountrydokdwysyka'\n\t\t\t\t\tid='g3056-shippingdestinationcountrydokdwysyka'\n\t\t\t\t\tvalue=''\n\t\t\t\t\tclass='text  grunion-field' \n\t\t\t\t\trequired aria-required='true' \/>\n\t<\/div>\n\n<div style=\"\" class='grunion-field-checkbox-multiple-wrap grunion-field-wrap'  >\n<label\n\t\t\t\tfor='g3056-shippingtyperodzajprzesyki'\n\t\t\t\tclass='grunion-field-label'>Shipping type \/ Rodzaj przesy\u0142ki<\/label>\n<div class=\"grunion-checkbox-multiple-options\">\t\t<label style=\"\" class='grunion-checkbox-multiple-label checkbox-multiple '><input type='checkbox' name='g3056-shippingtyperodzajprzesyki[]' value='Express' class='checkbox-multiple  grunion-field'  \/> <span class='grunion-field-text'>Express<\/span><\/label>\n\t\t<label style=\"\" class='grunion-checkbox-multiple-label checkbox-multiple '><input type='checkbox' name='g3056-shippingtyperodzajprzesyki[]' value='Economy' class='checkbox-multiple  grunion-field'  \/> <span class='grunion-field-text'>Economy<\/span><\/label>\n<\/div>\t<\/div>\n\n<div style=\"\" class='grunion-field-textarea-wrap grunion-field-wrap'  >\n<label\n\t\t\t\tfor='contact-form-comment-g3056-additionalquestionsdodatkowepytania'\n\t\t\t\tclass='grunion-field-label textarea'>Additional questions \/ Dodatkowe pytania<\/label>\n<textarea\n\t\t                style=''\n\t\t                name='g3056-additionalquestionsdodatkowepytania'\n\t\t                id='contact-form-comment-g3056-additionalquestionsdodatkowepytania'\n\t\t                rows='20' class='textarea  grunion-field'  ><\/textarea>\n\t<\/div>\n\t<p class='contact-submit'>\n\t\t<button type='submit' class='pushbutton-wide'>Submit<\/button>\t\t<input type='hidden' name='contact-form-id' value='3056' \/>\n\t\t<input type='hidden' name='action' value='grunion-contact-form' \/>\n\t\t<input type='hidden' name='contact-form-hash' value='85cde5d39ccfc892ac5fd1e78460014725674ea3' \/>\n\t<\/p>\n<\/form>\n<\/div>\n","protected":false},"excerpt":{"rendered":"<p><strong>Product available &#8211; please request final price using the form below. Worldwide shipping in 24h.<\/strong><\/p>\n<p>Towar dost\u0119pny od r\u0119ki &#8211; cena na zapytanie.<\/p>\n","protected":false},"featured_media":3048,"comment_status":"open","ping_status":"closed","template":"","meta":[],"product_cat":[24],"product_tag":[],"class_list":{"0":"post-3056","1":"product","2":"type-product","3":"status-publish","4":"has-post-thumbnail","6":"product_cat-price-on-request","8":"first","9":"instock","10":"taxable","11":"shipping-taxable","12":"purchasable","13":"product-type-simple"},"_links":{"self":[{"href":"https:\/\/sambortech.pl\/index.php?rest_route=\/wp\/v2\/product\/3056","targetHints":{"allow":["GET"]}}],"collection":[{"href":"https:\/\/sambortech.pl\/index.php?rest_route=\/wp\/v2\/product"}],"about":[{"href":"https:\/\/sambortech.pl\/index.php?rest_route=\/wp\/v2\/types\/product"}],"replies":[{"embeddable":true,"href":"https:\/\/sambortech.pl\/index.php?rest_route=%2Fwp%2Fv2%2Fcomments&post=3056"}],"wp:featuredmedia":[{"embeddable":true,"href":"https:\/\/sambortech.pl\/index.php?rest_route=\/wp\/v2\/media\/3048"}],"wp:attachment":[{"href":"https:\/\/sambortech.pl\/index.php?rest_route=%2Fwp%2Fv2%2Fmedia&parent=3056"}],"wp:term":[{"taxonomy":"product_cat","embeddable":true,"href":"https:\/\/sambortech.pl\/index.php?rest_route=%2Fwp%2Fv2%2Fproduct_cat&post=3056"},{"taxonomy":"product_tag","embeddable":true,"href":"https:\/\/sambortech.pl\/index.php?rest_route=%2Fwp%2Fv2%2Fproduct_tag&post=3056"}],"curies":[{"name":"wp","href":"https:\/\/api.w.org\/{rel}","templated":true}]}}